{"id":10447,"date":"2022-06-23T23:32:40","date_gmt":"2022-06-23T20:32:40","guid":{"rendered":"https:\/\/www.ervsoft.com\/?page_id=10447"},"modified":"2022-06-23T23:48:01","modified_gmt":"2022-06-23T20:48:01","slug":"e-ticaret-yazilim","status":"publish","type":"page","link":"http:\/\/www.ervsoft.com\/en\/e-ticaret-yazilim\/","title":{"rendered":"E Ticaret Yaz\u0131l\u0131m"},"content":{"rendered":"<div class=\"blockart-section blockart-section-8309f693\"><div class=\"blockart-container\"><div class=\"blockart-section-inner\">\n<div class=\"blockart-column blockart-column-f7a5c411\"><div class=\"blockart-column-inner\">\n<h2 class=\"blockart-heading blockart-heading-c9a6e6fa\"><\/h2>\n\n\n\n<p class=\"blockart-paragraph blockart-paragraph-2e22f143\">E ticaret ihtiya\u00e7lar\u0131 do\u011frultusunda m\u00fc\u015ftelerilerimize opencart ba\u015fta olmak \u00fczere , wordpress woo commerce , magento ve php altyap\u0131s\u0131nda \u00f6zel olarak haz\u0131rlanan E ticaret yaz\u0131l\u0131m \u00e7\u00f6z\u00fcmleri konusunda modern mobil uyumlu google dostu kullan\u0131c\u0131 deneyimi \u00f6n planda  butik e ticaret yaz\u0131l\u0131mlar\u0131 ile birlikte , piyasa da hali haz\u0131rda sat\u0131lmakta olan e ticaret altyap\u0131lar\u0131 kullanarak gerekli \u00e7\u00f6z\u00fcmleri sa\u011flamaktay\u0131z. E ticaret sitesi tasar\u0131mlar\u0131n\u0131 g\u00fcncel standartlara g\u00f6re google ilk s\u0131rada yer alacak seo yani arama motoru optimizasyonlar\u0131 standartlar\u0131na uygun olarak haz\u0131rlamaktay\u0131z. <\/p>\n\n\n\n<p class=\"blockart-paragraph blockart-paragraph-e64ac27c\">E ticaret sitesi yaz\u0131l\u0131mlar\u0131n\u0131  , kredi kart\u0131 uyumlu , trendyol , hepsiburada gibi pazaryeri entegrasyon yap\u0131lmaya haz\u0131r altyap\u0131l\u0131 , muhasebe yaz\u0131l\u0131mlar\u0131 , kargo entegrasyonlu se\u00e7enekleri ile sunabilmekteyiz.<\/p>\n<\/div><\/div>\n\n\n\n<div class=\"blockart-column blockart-column-ee9a735b\"><div class=\"blockart-column-inner\">\n<figure class=\"wp-block-image size-large\"><img loading=\"lazy\" decoding=\"async\" width=\"1024\" height=\"1024\" src=\"https:\/\/www.ervsoft.com\/wp-content\/uploads\/2022\/06\/Wavy_Bus-17_Single-06-1024x1024.jpg\" alt=\"\" class=\"wp-image-10449\" title=\"\" srcset=\"https:\/\/www.ervsoft.com\/wp-content\/uploads\/2022\/06\/Wavy_Bus-17_Single-06-1024x1024.jpg 1024w, https:\/\/www.ervsoft.com\/wp-content\/uploads\/2022\/06\/Wavy_Bus-17_Single-06-300x300.jpg 300w, https:\/\/www.ervsoft.com\/wp-content\/uploads\/2022\/06\/Wavy_Bus-17_Single-06-150x150.jpg 150w, https:\/\/www.ervsoft.com\/wp-content\/uploads\/2022\/06\/Wavy_Bus-17_Single-06-768x768.jpg 768w, https:\/\/www.ervsoft.com\/wp-content\/uploads\/2022\/06\/Wavy_Bus-17_Single-06-1536x1536.jpg 1536w, https:\/\/www.ervsoft.com\/wp-content\/uploads\/2022\/06\/Wavy_Bus-17_Single-06-2048x2048.jpg 2048w\" sizes=\"auto, (max-width: 1024px) 100vw, 1024px\" \/><figcaption>e ticaret yaz\u0131l\u0131mlar\u0131<\/figcaption><\/figure>\n<\/div><\/div>\n<\/div><\/div><\/div>","protected":false},"excerpt":{"rendered":"","protected":false},"author":1,"featured_media":0,"parent":0,"menu_order":0,"comment_status":"closed","ping_status":"closed","template":"page-templates\/pagebuilder.php","meta":{"footnotes":""},"class_list":["post-10447","page","type-page","status-publish","hentry"],"amp_enabled":false,"_links":{"self":[{"href":"http:\/\/www.ervsoft.com\/en\/wp-json\/wp\/v2\/pages\/10447","targetHints":{"allow":["GET"]}}],"collection":[{"href":"http:\/\/www.ervsoft.com\/en\/wp-json\/wp\/v2\/pages"}],"about":[{"href":"http:\/\/www.ervsoft.com\/en\/wp-json\/wp\/v2\/types\/page"}],"author":[{"embeddable":true,"href":"http:\/\/www.ervsoft.com\/en\/wp-json\/wp\/v2\/users\/1"}],"replies":[{"embeddable":true,"href":"http:\/\/www.ervsoft.com\/en\/wp-json\/wp\/v2\/comments?post=10447"}],"version-history":[{"count":1,"href":"http:\/\/www.ervsoft.com\/en\/wp-json\/wp\/v2\/pages\/10447\/revisions"}],"predecessor-version":[{"id":10655,"href":"http:\/\/www.ervsoft.com\/en\/wp-json\/wp\/v2\/pages\/10447\/revisions\/10655"}],"wp:attachment":[{"href":"http:\/\/www.ervsoft.com\/en\/wp-json\/wp\/v2\/media?parent=10447"}],"curies":[{"name":"wp","href":"https:\/\/api.w.org\/{rel}","templated":true}]}}