{"id":10063,"date":"2022-04-23T15:02:20","date_gmt":"2022-04-23T12:02:20","guid":{"rendered":"https:\/\/www.ervsoft.com\/?page_id=10063"},"modified":"2022-04-23T15:02:20","modified_gmt":"2022-04-23T12:02:20","slug":"dijital-donusum-hizmetlerimiz","status":"publish","type":"page","link":"https:\/\/www.ervsoft.com\/en\/dijital-donusum-hizmetlerimiz\/","title":{"rendered":"Services"},"content":{"rendered":"<div class=\"blockart-section blockart-section-6627d7e6\"><div class=\"blockart-container\"><div class=\"blockart-section-inner\">\n<div class=\"blockart-column blockart-column-0aa0e3f7\"><div class=\"blockart-column-inner\">\n<h2 class=\"blockart-heading blockart-heading-3dd3587e\">Software Development<\/h2>\n<\/div><\/div>\n\n\n\n<div class=\"blockart-column blockart-column-cf23b2d5\"><div class=\"blockart-column-inner\">\n<p class=\"blockart-paragraph blockart-paragraph-e410f6b1\">Dijital D\u00f6n\u00fc\u015f\u00fcm Hizmetlerimiz Kapsam\u0131nda Geli\u015ftirdi\u011fimiz Baz\u0131 \u00dcr\u00fcnlerimiz<\/p>\n\n\n\n<p>\u0130zmir B\u00fcy\u00fck\u015fehir Belediye&#8217;si \u0130hale Kapsam\u0131nda \u0130\u015f Yapan Firmalar i\u00e7in<br>Asans\u00f6r % Y\u00fcr\u00fcyen Merdiven Bak\u0131m Onar\u0131m Ar\u0131za Takip ,Periyodik Rutin Kontrol, \u0130\u015f Takip Hakedi\u015f Yaz\u0131l\u0131m\u0131<br>Ayd\u0131nlatma Bak\u0131m Onar\u0131m Ar\u0131za Takip ,Periyodik Rutin Kontrol, \u0130\u015f Takip Hakedi\u015f Yaz\u0131l\u0131m\u0131<br>Kompanzasyon Bak\u0131m Onar\u0131m Ar\u0131za Takip ,Periyodik Rutin Kontrol, \u0130\u015f Takip Hakedi\u015f Yaz\u0131l\u0131m\u0131<\/p>\n\n\n\n<p>Personel Takip Sistemleri,<br>\u0130\u015f Takip Sistemleri,<br>S\u00fcre\u00e7 Y\u00f6netim Yaz\u0131l\u0131mlar\u0131,<br>M\u00fc\u015fteri Y\u00f6netim Yaz\u0131l\u0131mlar\u0131,<br>Tedarik Zinciri Y\u00f6netimi Yaz\u0131l\u0131mlar\u0131<\/p>\n\n\n\n<p>ile ilgili olarak bizimle ileti\u015fime ge\u00e7ebilirsiniz<\/p>\n\n\n\n<p><\/p>\n<\/div><\/div>\n<\/div><\/div><\/div>","protected":false},"excerpt":{"rendered":"","protected":false},"author":1,"featured_media":10180,"parent":0,"menu_order":0,"comment_status":"closed","ping_status":"closed","template":"","meta":{"footnotes":""},"class_list":["post-10063","page","type-page","status-publish","has-post-thumbnail","hentry"],"amp_enabled":true,"_links":{"self":[{"href":"https:\/\/www.ervsoft.com\/en\/wp-json\/wp\/v2\/pages\/10063","targetHints":{"allow":["GET"]}}],"collection":[{"href":"https:\/\/www.ervsoft.com\/en\/wp-json\/wp\/v2\/pages"}],"about":[{"href":"https:\/\/www.ervsoft.com\/en\/wp-json\/wp\/v2\/types\/page"}],"author":[{"embeddable":true,"href":"https:\/\/www.ervsoft.com\/en\/wp-json\/wp\/v2\/users\/1"}],"replies":[{"embeddable":true,"href":"https:\/\/www.ervsoft.com\/en\/wp-json\/wp\/v2\/comments?post=10063"}],"version-history":[{"count":1,"href":"https:\/\/www.ervsoft.com\/en\/wp-json\/wp\/v2\/pages\/10063\/revisions"}],"predecessor-version":[{"id":10656,"href":"https:\/\/www.ervsoft.com\/en\/wp-json\/wp\/v2\/pages\/10063\/revisions\/10656"}],"wp:featuredmedia":[{"embeddable":true,"href":"https:\/\/www.ervsoft.com\/en\/wp-json\/"}],"wp:attachment":[{"href":"https:\/\/www.ervsoft.com\/en\/wp-json\/wp\/v2\/media?parent=10063"}],"curies":[{"name":"wp","href":"https:\/\/api.w.org\/{rel}","templated":true}]}}