{"id":10211,"date":"2022-06-21T22:55:49","date_gmt":"2022-06-21T19:55:49","guid":{"rendered":"https:\/\/www.ervsoft.com\/?page_id=10211"},"modified":"2022-07-02T03:18:02","modified_gmt":"2022-07-02T00:18:02","slug":"teklif-formu","status":"publish","type":"page","link":"https:\/\/www.ervsoft.com\/en\/teklif-formu\/","title":{"rendered":"Offer Form"},"content":{"rendered":"<p>Offer Form<\/p>\n<p>H\u0131zl\u0131 teklif alabilmek ad\u0131na l\u00fctfen projenizle ilgili detaylar\u0131 doldurunuz.<\/p>","protected":false},"excerpt":{"rendered":"<p>Teklif Formu H\u0131zl\u0131 teklif alabilmek ad\u0131na l\u00fctfen projenizle ilgili detaylar\u0131 doldurunuz.<\/p>","protected":false},"author":1,"featured_media":0,"parent":0,"menu_order":0,"comment_status":"closed","ping_status":"closed","template":"page-templates\/pagebuilder.php","meta":{"footnotes":""},"class_list":["post-10211","page","type-page","status-publish","hentry"],"amp_enabled":false,"_links":{"self":[{"href":"https:\/\/www.ervsoft.com\/en\/wp-json\/wp\/v2\/pages\/10211","targetHints":{"allow":["GET"]}}],"collection":[{"href":"https:\/\/www.ervsoft.com\/en\/wp-json\/wp\/v2\/pages"}],"about":[{"href":"https:\/\/www.ervsoft.com\/en\/wp-json\/wp\/v2\/types\/page"}],"author":[{"embeddable":true,"href":"https:\/\/www.ervsoft.com\/en\/wp-json\/wp\/v2\/users\/1"}],"replies":[{"embeddable":true,"href":"https:\/\/www.ervsoft.com\/en\/wp-json\/wp\/v2\/comments?post=10211"}],"version-history":[{"count":1,"href":"https:\/\/www.ervsoft.com\/en\/wp-json\/wp\/v2\/pages\/10211\/revisions"}],"predecessor-version":[{"id":10807,"href":"https:\/\/www.ervsoft.com\/en\/wp-json\/wp\/v2\/pages\/10211\/revisions\/10807"}],"wp:attachment":[{"href":"https:\/\/www.ervsoft.com\/en\/wp-json\/wp\/v2\/media?parent=10211"}],"curies":[{"name":"wp","href":"https:\/\/api.w.org\/{rel}","templated":true}]}}