{"id":10434,"date":"2022-06-23T22:21:04","date_gmt":"2022-06-23T19:21:04","guid":{"rendered":"https:\/\/www.ervsoft.com\/?page_id=10434"},"modified":"2022-07-04T00:28:37","modified_gmt":"2022-07-03T21:28:37","slug":"sosyal-medya-danismanligi","status":"publish","type":"page","link":"https:\/\/www.ervsoft.com\/en\/sosyal-medya-danismanligi\/","title":{"rendered":"Sosyal Medya Dan\u0131\u015fmanl\u0131\u011f\u0131"},"content":{"rendered":"<p>Ervsoft sizler i\u00e7in en iyi sosyal medya dan\u0131\u015fmanl\u0131\u011f\u0131 hizmetini sunmak i\u00e7in s\u00fcrekli \u00e7al\u0131\u015f\u0131r. Bir\u00e7ok firma internetin g\u00fcnl\u00fck hayat\u0131m\u0131za girmesi ile i\u015fini sosyal medya \u00fczerine ta\u015f\u0131maya ba\u015flad\u0131. Bu i\u015flem i\u00e7inde en iyi adres ervsoft sosyal medya dan\u0131\u015fmanl\u0131\u011f\u0131d\u0131r. Sizler i\u00e7in en iyi ve h\u0131zl\u0131 hizmeti sunup t\u00fcm sosyal medya e\u011fitimlerini sunmaktay\u0131z. Bu alan hem yeni hem de al\u0131\u015f\u0131lm\u0131\u015f\u0131n d\u0131\u015f\u0131nda oldu\u011fu i\u00e7in bir\u00e7ok firma bu alana ad\u0131m atarken teredd\u00fct ya\u015far. Ancak firmam\u0131z ile ileti\u015fime ge\u00e7erek en iyi \u015fekilde hizmet alaca\u011f\u0131n\u0131zdan ve hi\u00e7bir ma\u011fduriyet ya\u015famay\u0131p en iyi \u015fekilde hizmet alaca\u011f\u0131n\u0131zdan emin olabilirsiniz. Sosyal medya alan\u0131nda i\u015finize yarayacak olan t\u00fcm ara\u00e7lar hakk\u0131nda bilgi verip sizi ve markan\u0131z\u0131 b\u00fcy\u00fctmek amac\u0131yla \u00e7al\u0131\u015fmalar yapmaktay\u0131z. Sosyal medya alan\u0131na ad\u0131m ataca\u011f\u0131n\u0131z zaman en \u00f6nemli nokta hedef kitle belirlemedir. \u00c7\u00fcnk\u00fc bu sayede hedef kitlenin hitap edip k\u0131sa s\u00fcrede b\u00fcy\u00fck ad\u0131mlar atabilirsiniz. Hedef kitlenizi belirlerken \u00fcr\u00fcnleriniz ve markan\u0131z\u0131 iyi tan\u0131man\u0131z gerekir. \u00dcr\u00fcnlerimizin hitap etti\u011fi hedef kitleye g\u00f6re web tasar\u0131m\u0131 yaparak k\u0131sa s\u00fcrede sosyal medya alan\u0131nda b\u00fcy\u00fcmeniz m\u00fcmk\u00fcnd\u00fcr. Sosyal medya \u00fczerinde sosyal medya dan\u0131\u015fmanl\u0131\u011f\u0131 yap\u0131ld\u0131\u011f\u0131 zaman en dikkat edilecek nokta i\u00e7erik ve markan\u0131zd\u0131r. \u0130\u00e7eriklerinizi haz\u0131rlarken en iyi ara\u00e7lar\u0131 kullan\u0131p g\u00f6rsel ve metin k\u0131sm\u0131na \u00f6zellikle \u00f6nem vermekteyiz. Bu alanda hizmet verdi\u011fimiz m\u00fc\u015fterilerimiz ile uzun y\u0131llard\u0131r \u00e7al\u0131\u015fmay\u0131 s\u00fcrd\u00fcrmekteyiz. Marka bilinirli\u011fi ve marka \u00e7al\u0131\u015fmas\u0131 da bu alandaki \u00f6nemli konular\u0131n ba\u015f\u0131nda yer al\u0131r. Markan\u0131z\u0131n bilinmesi bu alandaki en \u00f6nemli \u00e7al\u0131\u015fmalar\u0131m\u0131z aras\u0131nda yer al\u0131r. Bu \u00e7al\u0131\u015fma i\u00e7in kulland\u0131\u011f\u0131m\u0131z ara\u00e7lar ve Web tasar\u0131m\u0131n\u0131n ile hi\u00e7bir sorun ya\u015famadan direk olarak markan\u0131z\u0131 b\u00fcy\u00fctmeye y\u00f6nelik \u00e7al\u0131\u015fmalar sunmaktay\u0131z. Sosyal medya \u00fczerine ad\u0131m att\u0131\u011f\u0131n\u0131z zaman tan\u0131man\u0131z i\u00e7in en \u00f6nemli olan nokta kampanya ve reklamd\u0131r. Kampanyalar firman\u0131z\u0131 b\u00fcy\u00fctmek ad\u0131na en \u00f6nemlisi olup bu kampanyalar h\u0131zla yay\u0131larak firmam\u0131z\u0131n tan\u0131nmas\u0131n\u0131 sa\u011flayacakt\u0131r. Bununla birlikte firman\u0131z\u0131 anlatan reklam \u00e7al\u0131\u015fmalar\u0131 ile sitenizi destekleyip h\u0131zl\u0131 \u015fekilde b\u00fcy\u00fcmesini sa\u011flaman\u0131z m\u00fcmk\u00fcnd\u00fcr. Reklam bir sosyal medya sitesi i\u00e7in en \u00f6nemli noktalardan bir ka\u00e7\u0131d\u0131r. Yapaca\u011f\u0131m\u0131z reklam \u00e7al\u0131\u015fmalar\u0131n\u0131 en \u00f6zenli \u015fekilde haz\u0131rlay\u0131p firman\u0131z\u0131 b\u00fcy\u00fctmek ama\u00e7l\u0131 haz\u0131rlan\u0131p sizlere sunulur.<\/p>","protected":false},"excerpt":{"rendered":"<p>Ervsoft sizler i\u00e7in en iyi sosyal medya dan\u0131\u015fmanl\u0131\u011f\u0131 hizmetini sunmak i\u00e7in s\u00fcrekli \u00e7al\u0131\u015f\u0131r. Bir\u00e7ok firma internetin g\u00fcnl\u00fck hayat\u0131m\u0131za girmesi ile i\u015fini sosyal medya \u00fczerine ta\u015f\u0131maya ba\u015flad\u0131. Bu i\u015flem i\u00e7inde en iyi adres ervsoft sosyal medya dan\u0131\u015fmanl\u0131\u011f\u0131d\u0131r. Sizler i\u00e7in en iyi ve h\u0131zl\u0131 hizmeti sunup t\u00fcm sosyal medya e\u011fitimlerini sunmaktay\u0131z. Bu alan hem yeni hem de [&hellip;]<\/p>","protected":false},"author":1,"featured_media":0,"parent":0,"menu_order":0,"comment_status":"closed","ping_status":"closed","template":"page-templates\/pagebuilder.php","meta":{"footnotes":""},"class_list":["post-10434","page","type-page","status-publish","hentry"],"amp_enabled":false,"_links":{"self":[{"href":"https:\/\/www.ervsoft.com\/en\/wp-json\/wp\/v2\/pages\/10434","targetHints":{"allow":["GET"]}}],"collection":[{"href":"https:\/\/www.ervsoft.com\/en\/wp-json\/wp\/v2\/pages"}],"about":[{"href":"https:\/\/www.ervsoft.com\/en\/wp-json\/wp\/v2\/types\/page"}],"author":[{"embeddable":true,"href":"https:\/\/www.ervsoft.com\/en\/wp-json\/wp\/v2\/users\/1"}],"replies":[{"embeddable":true,"href":"https:\/\/www.ervsoft.com\/en\/wp-json\/wp\/v2\/comments?post=10434"}],"version-history":[{"count":2,"href":"https:\/\/www.ervsoft.com\/en\/wp-json\/wp\/v2\/pages\/10434\/revisions"}],"predecessor-version":[{"id":10814,"href":"https:\/\/www.ervsoft.com\/en\/wp-json\/wp\/v2\/pages\/10434\/revisions\/10814"}],"wp:attachment":[{"href":"https:\/\/www.ervsoft.com\/en\/wp-json\/wp\/v2\/media?parent=10434"}],"curies":[{"name":"wp","href":"https:\/\/api.w.org\/{rel}","templated":true}]}}