{"id":10846,"date":"2022-07-25T20:53:00","date_gmt":"2022-07-25T17:53:00","guid":{"rendered":"https:\/\/www.ervsoft.com\/?page_id=10846"},"modified":"2022-07-26T22:20:55","modified_gmt":"2022-07-26T19:20:55","slug":"izmir-web-tasarim","status":"publish","type":"page","link":"https:\/\/www.ervsoft.com\/en\/izmir-web-tasarim\/","title":{"rendered":"Web Design Agency"},"content":{"rendered":"<div class=\"aligncenter blockart-section blockart-section-6dbea2a6 aligncenter\"><div class=\"blockart-container\"><div class=\"blockart-section-inner\">\n<div class=\"blockart-column blockart-column-89717047\"><div class=\"blockart-column-inner\">\n<p class=\"has-text-align-left\">\u0130zmir Web tasar\u0131m ajans\u0131 olarak m\u00fc\u015fteri web sitelerini g\u00fcncel standartlara uygun , geli\u015fmi\u015f teknolojiler kullanarak , google arama motoru seo uyumlu , arama sonu\u00e7lar\u0131nda ilk sayfada g\u00f6r\u00fcnmeye uygun , mobil cihazlardan kolayl\u0131kla eri\u015filebilir ,kullan\u0131m\u0131 kolay modern , kurumsal web siteleri in\u015faa ediyoruz. M\u00fc\u015fteri olarak web sitenizi ve sitelerinizi yapmadan \u00f6nce kurumsal kimlik yap\u0131lar\u0131n\u0131z\u0131 kontrol ederek , g\u00fcncel tasar\u0131m standartlar\u0131na uygun olarak , firma kurumsal renk ve tasar\u0131m \u00e7izgileri do\u011frultusunda web sitelerini olu\u015fturuyoruz.<\/p>\n\n\n\n<p>Web sitelerini olu\u015ftururken modern css frameworkleri ile grid sistemler kullanarak , saas ,css , javascript teknolojilerini dahil etmekteyiz.<\/p>\n\n\n\n<p>Web sitesi grid i\u015flemi g\u00f6rseller ve metinler ile birle\u015fen bir web sitesinin tamamen d\u00fczenleyen bir sisteme verilen add\u0131r. Bu sistem ile Web sitenizi bir d\u00fczene sokup en k\u0131sa s\u00fcrede sizlere teslim ediyoruz. Firmam\u0131z sizler i\u00e7in en iyi ara\u00e7lar\u0131n\u0131 kullan\u0131p bu ara\u00e7lar ile en iyi \u015fekilde i\u015fleminizi tamamlamak i\u00e7in uzman ekibi ile \u00e7al\u0131\u015fmaktad\u0131r.<\/p>\n\n\n\n<p>Firmam\u0131z Web tasar\u0131m\u0131 yapmadan \u00f6nce m\u00fc\u015fteri ile ileti\u015fim kurup bir plan haz\u0131rlay\u0131p bu plana g\u00f6re hareket etmektedir. Bizler i\u00e7in \u00f6nemli olan firma i\u015flevi, m\u00fc\u015fteri kitlesi, marka ve \u00fcr\u00fcnd\u00fcr. Marka ve \u00fcr\u00fcn k\u0131s\u0131mlar\u0131n\u0131 dikkate al\u0131p firmay\u0131 \u00f6ne \u00e7\u0131karacak Web tasar\u0131mlar\u0131 haz\u0131rlamaktay\u0131z. Bir Web tasar\u0131m\u0131 yap\u0131lmadan ve yay\u0131na al\u0131nmadan \u00f6nce bir\u00e7ok farkl\u0131 a\u015famadan ge\u00e7er. Bu a\u015famalar\u0131n ilki Web tasar\u0131m plan\u0131 haz\u0131rlamak olmaktad\u0131r. M\u00fc\u015fteri ile ileti\u015fim sonras\u0131 haz\u0131rlanan proje ile k\u0131sa s\u00fcrede sizlere hizmet vermekteyiz.<\/p>\n\n\n\n<p>Bir sonraki a\u015fama ise kurumsal Kimlik \u00e7al\u0131\u015fmas\u0131 olacakt\u0131r. Bu \u00e7al\u0131\u015fma ile firman\u0131n Web siteleri \u00fczerinde g\u00f6r\u00fcnecek olan kimli\u011fi haz\u0131rlamaktay\u0131z. Firman\u0131n bilgilerini haz\u0131rlayan bir kartvizit hizmeti g\u00f6r\u00fcr. Sonras\u0131nda grafik tasar\u0131m \u00e7al\u0131\u015fmas\u0131 haz\u0131rlayarak site \u00fczerinde grafiklere yer veriyoruz. Bu i\u015flem sonras\u0131 di\u011fer web siteleri \u00fczerinde ufak bir ara\u015ft\u0131rma yap\u0131p kodlama i\u015flemi yaparak ayn\u0131 \u00e7al\u0131\u015fmalar\u0131 kullanmamaya \u00e7al\u0131\u015f\u0131yoruz. Bu kodlama i\u015flemi ile hi\u00e7bir siteden bilgi almadan tamamen \u00f6zg\u00fcn i\u00e7erikler \u00fcretiyoruz.<\/p>\n\n\n\n<p>Firmam\u0131z\u0131n sundu\u011fu bir sonraki hizmet ise i\u00e7erik y\u00f6netimidir. Bu hizmet ile firmam\u0131z sizlere markan\u0131z\u0131n sundu\u011fu \u00fcr\u00fcnleri en iyi \u015fekilde y\u00f6netmeniz i\u00e7in \u00e7al\u0131\u015fmalar yap\u0131yor. Sitenizi ziyaret edecek olan ki\u015filerin ilk inceleyece\u011fi nokta i\u00e7erikler k\u0131sm\u0131 olacakt\u0131r. \u0130\u00e7erikler k\u0131sm\u0131ndaki g\u00f6rsel ve metin dengesi oldu\u011fu s\u00fcrece i\u00e7eriklerinin dikkat \u00e7ekip insanlar\u0131n sat\u0131n al\u0131nmas\u0131n\u0131 sa\u011flanacakt\u0131r. Bu a\u015famadan sonra haz\u0131rlanan ve tasarlanan web sitesinin test etme a\u015famas\u0131 ba\u015flar. Bu a\u015fama ile site \u00fczerinde bulunan t\u00fcm web tasar\u0131m ara\u00e7lar\u0131n\u0131 test edilip herhangi bir sorunda m\u00fcdahale edilir.<\/p>\n<\/div><\/div>\n<\/div><\/div><\/div>","protected":false},"excerpt":{"rendered":"","protected":false},"author":1,"featured_media":0,"parent":0,"menu_order":0,"comment_status":"closed","ping_status":"closed","template":"","meta":{"footnotes":""},"class_list":["post-10846","page","type-page","status-publish","hentry"],"amp_enabled":true,"_links":{"self":[{"href":"https:\/\/www.ervsoft.com\/en\/wp-json\/wp\/v2\/pages\/10846","targetHints":{"allow":["GET"]}}],"collection":[{"href":"https:\/\/www.ervsoft.com\/en\/wp-json\/wp\/v2\/pages"}],"about":[{"href":"https:\/\/www.ervsoft.com\/en\/wp-json\/wp\/v2\/types\/page"}],"author":[{"embeddable":true,"href":"https:\/\/www.ervsoft.com\/en\/wp-json\/wp\/v2\/users\/1"}],"replies":[{"embeddable":true,"href":"https:\/\/www.ervsoft.com\/en\/wp-json\/wp\/v2\/comments?post=10846"}],"version-history":[{"count":3,"href":"https:\/\/www.ervsoft.com\/en\/wp-json\/wp\/v2\/pages\/10846\/revisions"}],"predecessor-version":[{"id":10880,"href":"https:\/\/www.ervsoft.com\/en\/wp-json\/wp\/v2\/pages\/10846\/revisions\/10880"}],"wp:attachment":[{"href":"https:\/\/www.ervsoft.com\/en\/wp-json\/wp\/v2\/media?parent=10846"}],"curies":[{"name":"wp","href":"https:\/\/api.w.org\/{rel}","templated":true}]}}