{"id":1094,"date":"2021-12-13T04:15:18","date_gmt":"2021-12-13T04:15:18","guid":{"rendered":"https:\/\/blockart-agency.sites.qsandbox.com\/?page_id=563"},"modified":"2023-08-08T16:59:08","modified_gmt":"2023-08-08T13:59:08","slug":"hakkimizda","status":"publish","type":"page","link":"https:\/\/www.ervsoft.com\/en\/hakkimizda\/","title":{"rendered":"About Us"},"content":{"rendered":"<div class=\"blockart-section blockart-section-05875b6b\"><div class=\"blockart-container\"><div class=\"blockart-section-inner\">\n<div class=\"blockart-column blockart-column-6186bd46\"><div class=\"blockart-column-inner\">\n<div class=\"blockart-image blockart-image-06dcbea6\"><img decoding=\"async\" src=\"https:\/\/www.ervsoft.com\/wp-content\/uploads\/2021\/12\/ourstory-image.jpg\" alt=\"\" title=\"\"><\/div>\n<\/div><\/div>\n\n\n\n<div class=\"blockart-column blockart-column-8dfdd3dd\"><div class=\"blockart-column-inner\">\n<h2 class=\"blockart-heading blockart-heading-248d44f0\">Ervsoft<\/h2>\n\n\n\n<p class=\"blockart-paragraph blockart-paragraph-5ddea1cc\">2008 y\u0131l\u0131nda ba\u015flad\u0131\u011f\u0131m\u0131z bili\u015fim d\u00fcnyas\u0131 ser\u00fcvenine 2016 y\u0131l\u0131 itibari ile Ervsoft olarak amat\u00f6r  ruhlu profesyoneller olarak devam etmekteyiz.Alan\u0131nda \u00f6nc\u00fc , nitelikli personeller ile web yaz\u0131l\u0131m, web programlama , web tasar\u0131m , i\u015f zekas\u0131 ,dijital pazarlama , sosyal medya y\u00f6netimi , s\u00fcre\u00e7 dijitalle\u015ftirme , e-ticaret , e ticaret dan\u0131\u015fmanl\u0131\u011f\u0131 ve dan\u0131\u015fmanl\u0131k konular\u0131nda izmir merkezli ofisimizde ba\u015fta T\u00fcrkiye olmak \u00fczere Avrupa ve D\u00fcnya \u00fclkelerine hizmet vermekteyiz.<\/p>\n\n\n<\/div><\/div>\n<\/div><\/div><\/div>\n\n\n\n<div class=\"blockart-section blockart-section-566c8f4b\"><div class=\"blockart-container\"><div class=\"blockart-section-inner\">\n<div class=\"blockart-column blockart-column-9ff6855a\"><div class=\"blockart-column-inner\"><\/div><\/div>\n<\/div><\/div><\/div>\n\n\n\n<div class=\"blockart-section blockart-section-2e69ecbb\"><div class=\"blockart-container\"><div class=\"blockart-section-inner\">\n<div class=\"blockart-column blockart-column-013c9c67\"><div class=\"blockart-column-inner\"><\/div><\/div>\n\n\n\n<div class=\"blockart-column blockart-column-cf0de680\"><div class=\"blockart-column-inner\">\n<h2 class=\"blockart-heading blockart-heading-3b0ddb89\">Neler Yapar\u0131z ?<\/h2>\n\n\n\n<p class=\"blockart-paragraph blockart-paragraph-573d3261\">&#8220;\u0130nsan akl\u0131n s\u0131n\u0131rlar\u0131n\u0131 zorlamad\u0131k\u00e7a hi\u00e7bir \u015feye ula\u015famaz. Hayat bisiklet gibidir, dengeyi kaybetmemek i\u00e7in ilerlemek gerekir.&#8221; A.E.<\/p>\n<\/div><\/div>\n\n\n\n<div class=\"blockart-column blockart-column-1d0cfb97\"><div class=\"blockart-column-inner\"><\/div><\/div>\n<\/div><\/div><\/div>\n\n\n\n<div class=\"blockart-section blockart-section-c6ea6a51\"><div class=\"blockart-container\"><div class=\"blockart-section-inner\">\n<div class=\"blockart-column blockart-column-d3e8fb46\"><div class=\"blockart-column-inner\">\n<h3 class=\"blockart-heading blockart-heading-aa9f2df7\">Yarat\u0131c\u0131 Fikirler<\/h3>\n\n\n\n<p class=\"blockart-paragraph blockart-paragraph-4bbf359f\">\u0130\u015fletmeniz \u0130\u00e7in Siz M\u00fc\u015fterilerimize Yarat\u0131c\u0131 Fikirler Sunar\u0131z<\/p>\n<\/div><\/div>\n\n\n\n<div class=\"blockart-column blockart-column-7251f4d6\"><div class=\"blockart-column-inner\">\n<h3 class=\"blockart-heading blockart-heading-b3380f3a\">Basit \u00c7\u00f6z\u00fcmler<\/h3>\n\n\n\n<p class=\"blockart-paragraph blockart-paragraph-bdb7bf36\">Karma\u015f\u0131k i\u015flerinizi h\u0131zl\u0131 ve  kolay \u00e7\u00f6z\u00fcmlerle yakla\u015f\u0131yoruz <\/p>\n<\/div><\/div>\n<\/div><\/div><\/div>\n\n\n\n<div class=\"blockart-section blockart-section-9ade65a0\"><div class=\"blockart-container\"><div class=\"blockart-section-inner\">\n<div class=\"blockart-column blockart-column-9cd1395d\"><div class=\"blockart-column-inner\">\n<h3 class=\"blockart-heading blockart-heading-3c58fe65\">Ba\u015far\u0131l\u0131 Garantili <\/h3>\n\n\n\n<p class=\"blockart-paragraph blockart-paragraph-a29c7121\">Ervsoft olarak size \u00f6zel yapt\u0131\u011f\u0131m\u0131z i\u015fler sonucunda ba\u015far\u0131l\u0131 sonu\u00e7lar elde etmekteyiz.<\/p>\n<\/div><\/div>\n\n\n\n<div class=\"blockart-column blockart-column-c0e0831e\"><div class=\"blockart-column-inner\">\n<h3 class=\"blockart-heading blockart-heading-bf956345\">Sonu\u00e7 <\/h3>\n\n\n\n<p class=\"blockart-paragraph blockart-paragraph-8ce2a8e3\">\u0130\u015fletmenizin T\u00fcm S\u00fcre\u00e7lerini Dijitalle\u015ftirme Konusunda Uzman Ekibimizle T\u00fcm S\u00fcreci De\u011ferlendirmekteyiz<\/p>\n<\/div><\/div>\n<\/div><\/div><\/div>\n\n\n\n<div class=\"blockart-section blockart-section-d8a31c46\"><div class=\"blockart-container\"><div class=\"blockart-section-inner\">\n<div class=\"blockart-column blockart-column-997321c6\"><div class=\"blockart-column-inner\">\n<h2 class=\"blockart-heading blockart-heading-2627c2f8\">H\u0131zl\u0131ca Soru Sorun ?<\/h2>\n\n\n\n<p class=\"blockart-paragraph blockart-paragraph-56ab1d8a\">\u00c7ekinmeden sorular\u0131n\u0131z\u0131 sorabilece\u011finiz ileti\u015fim hatt\u0131m\u0131z<\/p>\n<\/div><\/div>\n\n\n\n<div class=\"blockart-column blockart-column-470f65cb\"><div class=\"blockart-column-inner\">\n<div class=\"blockart-buttons blockart-buttons-8e76bbbd is-justification-right\">\n<div class=\"blockart-button blockart-button-8586a099\"><a class=\"blockart-button-link is-custom is-style-filled\" href=\"https:\/\/zakrademos.com\/agency-03\/contact\/\" target=\"_blank\" rel=\"noopener\">CONTACT US<\/a><\/div>\n<\/div>\n<\/div><\/div>\n<\/div><\/div><\/div>\n\n\n\n<div class=\"blockart-section blockart-section-f453ba62\"><div class=\"blockart-container-fluid\"><div class=\"blockart-section-inner\">\n<div class=\"blockart-column blockart-column-5dabd232\"><div class=\"blockart-column-inner\">\n<div class=\"blockart-image blockart-image-d94df48e\"><img decoding=\"async\" src=\"https:\/\/www.ervsoft.com\/wp-content\/uploads\/2021\/12\/logo-wegmans-d.png\" alt=\"\" title=\"\"><\/div>\n<\/div><\/div>\n\n\n\n<div class=\"blockart-column blockart-column-ad6cd62a\"><div class=\"blockart-column-inner\">\n<div class=\"blockart-image blockart-image-3393d5de\"><img decoding=\"async\" src=\"https:\/\/www.ervsoft.com\/wp-content\/uploads\/2021\/12\/logo-warehouse-c.png\" alt=\"\" title=\"\"><\/div>\n<\/div><\/div>\n\n\n\n<div class=\"blockart-column blockart-column-84acbf7d\"><div class=\"blockart-column-inner\">\n<div class=\"blockart-image blockart-image-f1202d10\"><img decoding=\"async\" src=\"https:\/\/www.ervsoft.com\/wp-content\/uploads\/2021\/12\/logo-neuhaus-e.png\" alt=\"\" title=\"\"><\/div>\n<\/div><\/div>\n\n\n\n<div class=\"blockart-column blockart-column-094ab86c\"><div class=\"blockart-column-inner\">\n<div class=\"blockart-image blockart-image-468b23e6\"><img decoding=\"async\" src=\"https:\/\/www.ervsoft.com\/wp-content\/uploads\/2021\/12\/logo-kiehls-f.png\" alt=\"\" title=\"\"><\/div>\n<\/div><\/div>\n\n\n\n<div class=\"blockart-column blockart-column-72d2cf20\"><div class=\"blockart-column-inner\">\n<div class=\"blockart-image blockart-image-2df15e3d\"><img decoding=\"async\" src=\"https:\/\/www.ervsoft.com\/wp-content\/uploads\/2021\/12\/logo-coast-b.png\" alt=\"\" title=\"\"><\/div>\n<\/div><\/div>\n<\/div><\/div><\/div>\n\n\n\n<div class=\"blockart-section blockart-section-d8bb7b25\"><div class=\"blockart-container\"><div class=\"blockart-section-inner\">\n<div class=\"blockart-column blockart-column-e70448c7\"><div class=\"blockart-column-inner\"><\/div><\/div>\n\n\n\n<div class=\"blockart-column blockart-column-716dcbed\"><div class=\"blockart-column-inner\">\n<div class=\"blockart-image blockart-image-41c122c1\"><a href=\"https:\/\/www.facebook.com\/zakratheme\" target=\"_blank\" rel=\"noopener\"><img decoding=\"async\" src=\"https:\/\/www.ervsoft.com\/wp-content\/uploads\/2021\/12\/fav_icon1.png\" alt=\"\" title=\"\"><\/a><\/div>\n<\/div><\/div>\n\n\n\n<div class=\"blockart-column blockart-column-b0322e25\"><div class=\"blockart-column-inner\">\n<div class=\"blockart-image blockart-image-9ad0c8b0\"><a href=\"https:\/\/twitter.com\/zakratheme\/\" target=\"_blank\" rel=\"noopener\"><img decoding=\"async\" src=\"https:\/\/www.ervsoft.com\/wp-content\/uploads\/2021\/12\/icon2.png\" alt=\"\" title=\"\"><\/a><\/div>\n<\/div><\/div>\n\n\n\n<div class=\"blockart-column blockart-column-7fe6faa4\"><div class=\"blockart-column-inner\">\n<div class=\"blockart-image blockart-image-e8b7db51\"><a href=\"https:\/\/www.pinterest.co.uk\/themegrill\" target=\"_blank\" rel=\"noopener\"><img decoding=\"async\" src=\"https:\/\/www.ervsoft.com\/wp-content\/uploads\/2021\/12\/fav_icon5.png\" alt=\"\" title=\"\"><\/a><\/div>\n<\/div><\/div>\n\n\n\n<div class=\"blockart-column blockart-column-3ce79db4\"><div class=\"blockart-column-inner\">\n<div class=\"blockart-image blockart-image-8b2e1c55\"><a href=\"https:\/\/www.youtube.com\/channel\/UCxxUb-k2cT43fNXY-V39LXw\" target=\"_blank\" rel=\"noopener\"><img decoding=\"async\" src=\"https:\/\/www.ervsoft.com\/wp-content\/uploads\/2021\/12\/icon4.png\" alt=\"\" title=\"\"><\/a><\/div>\n<\/div><\/div>\n\n\n\n<div class=\"blockart-column blockart-column-b947f356\"><div class=\"blockart-column-inner\">\n<div class=\"blockart-image blockart-image-ef4893ac\"><a href=\"https:\/\/www.linkedin.com\/company\/themegrill-pvt.-ltd.\/\" target=\"_blank\" rel=\"noopener\"><img decoding=\"async\" src=\"https:\/\/www.ervsoft.com\/wp-content\/uploads\/2021\/12\/icon5.png\" alt=\"\" title=\"\"><\/a><\/div>\n<\/div><\/div>\n\n\n\n<div class=\"blockart-column blockart-column-ce805f44\"><div class=\"blockart-column-inner\"><\/div><\/div>\n<\/div><\/div><\/div>","protected":false},"excerpt":{"rendered":"","protected":false},"author":1,"featured_media":0,"parent":0,"menu_order":0,"comment_status":"closed","ping_status":"closed","template":"page-templates\/pagebuilder.php","meta":{"footnotes":""},"class_list":["post-1094","page","type-page","status-publish","hentry"],"amp_enabled":false,"_links":{"self":[{"href":"https:\/\/www.ervsoft.com\/en\/wp-json\/wp\/v2\/pages\/1094","targetHints":{"allow":["GET"]}}],"collection":[{"href":"https:\/\/www.ervsoft.com\/en\/wp-json\/wp\/v2\/pages"}],"about":[{"href":"https:\/\/www.ervsoft.com\/en\/wp-json\/wp\/v2\/types\/page"}],"author":[{"embeddable":true,"href":"https:\/\/www.ervsoft.com\/en\/wp-json\/wp\/v2\/users\/1"}],"replies":[{"embeddable":true,"href":"https:\/\/www.ervsoft.com\/en\/wp-json\/wp\/v2\/comments?post=1094"}],"version-history":[{"count":4,"href":"https:\/\/www.ervsoft.com\/en\/wp-json\/wp\/v2\/pages\/1094\/revisions"}],"predecessor-version":[{"id":10981,"href":"https:\/\/www.ervsoft.com\/en\/wp-json\/wp\/v2\/pages\/1094\/revisions\/10981"}],"wp:attachment":[{"href":"https:\/\/www.ervsoft.com\/en\/wp-json\/wp\/v2\/media?parent=1094"}],"curies":[{"name":"wp","href":"https:\/\/api.w.org\/{rel}","templated":true}]}}