{"id":1174,"date":"2019-07-23T12:31:06","date_gmt":"2019-07-23T12:31:06","guid":{"rendered":""},"modified":"2022-07-02T03:17:51","modified_gmt":"2022-07-02T00:17:51","slug":"e-ticaret-danismanligi","status":"publish","type":"page","link":"https:\/\/www.ervsoft.com\/en\/e-ticaret-danismanligi\/","title":{"rendered":"Digital Consultant"},"content":{"rendered":"<p><\/p>\n\n\n\n<div class=\"blockart-section blockart-section-6dbea2a6\"><div class=\"blockart-container\"><div class=\"blockart-section-inner\">\n<div class=\"blockart-column blockart-column-2a8f717d\"><div class=\"blockart-column-inner\">\n<figure class=\"wp-block-image size-large\"><img decoding=\"async\" src=\"https:\/\/www.ervsoft.com\/wp-content\/uploads\/2022\/06\/20943839-1035x0-c-default-1024x1024.jpeg\" alt=\"\" class=\"wp-image-1119\" title=\"\"><\/figure>\n<\/div><\/div>\n\n\n\n<div class=\"blockart-column blockart-column-89717047\"><div class=\"blockart-column-inner\">\n<h4 class=\"blockart-heading blockart-heading-668e1069\">ervsoft<\/h4>\n\n\n\n<h2 class=\"blockart-heading blockart-heading-09c91258\">E Ticaret Dan\u0131\u015fmanl\u0131k<\/h2>\n\n\n\n<p class=\"blockart-paragraph blockart-paragraph-e86873da\">Var olan i\u015fletmenizi internet sitesi , pazaryerleri , e-ihracat alanlar\u0131nda da faaliyete a\u00e7mak ya da s\u0131f\u0131rdan bu alanlara girmek istiyorsan\u0131z do\u011fru yerdesiniz.<\/p>\n\n\n\n<p class=\"blockart-paragraph blockart-paragraph-fc988aa0\">E ticaret dan\u0131\u015fmanl\u0131\u011f\u0131 faaliyetleri kapsam\u0131nda\u00a0<\/p>\n\n\n\n<p class=\"blockart-paragraph blockart-paragraph-b3066dbc\">360 derece&nbsp;<br>Reklam Y\u00f6netimi<br>S\u00fcre\u00e7 Y\u00f6netimi<br>Operasyon Y\u00f6netimi<br>Strateji Y\u00f6netimi<br>Teknolojik Altyap\u0131 Y\u00f6netimi<br>M\u00fc\u015fteri \u0130li\u015fkileri Y\u00f6netimi<br>Tedarik Zinciri Y\u00f6netimi<\/p>\n\n\n\n<p class=\"blockart-paragraph blockart-paragraph-b3066dbc\"><br>Risk Y\u00f6netimi gibi alanlarda dan\u0131\u015fmanl\u0131k ve y\u00f6netim hizmetleri sunmaktay\u0131z.<\/p>\n<\/div><\/div>\n<\/div><\/div><\/div>\n\n\n\n<p class=\"blockart-paragraph blockart-paragraph-e158adec\">Elbette bir web siteniz varsa, zaman\u0131n\u0131z\u0131 ve paran\u0131z\u0131 internet pazarlamas\u0131 i\u00e7in harcars\u0131n\u0131z. Bu konular SEO \u00e7al\u0131\u015fmalar\u0131, sosyal a\u011flar, AdWords hizmetleri, analitik, e-posta hizmetleri ve e-ticaret olabilir. \u00dcr\u00fcnlerin ve hizmetlerin ilgin\u00e7 ve bilinen oldu\u011fundan emin olmak istiyorlar. Ancak, bir\u00e7ok \u015firket taraf\u0131ndan ortaya at\u0131lan bir soruyu sorabilirsiniz: do\u011fru \u015feyleri yap\u0131yor muyuz? Bu taktikleri ve teknikleri ger\u00e7ekten i\u015fe yar\u0131yor mu? Bize ihtiyac\u0131m\u0131z olan sonu\u00e7lar\u0131 getirin? Bu sorular\u0131n cevaplar\u0131n\u0131 bulmak i\u00e7in yard\u0131m bulmay\u0131 deneyebilirsiniz. Markan\u0131z ve i\u015finiz i\u00e7in m\u00fc\u015fteri \u00e7ekmeye \u00e7al\u0131\u015f\u0131yor olabilirsiniz. Bu \u00e7al\u0131\u015fmalar sa\u011flam stratejiler ve etkili uygulamalar gerektirir. Bilgili olanlarla \u00e7al\u0131\u015fmal\u0131 ve i\u015fi do\u011fru yapmal\u0131s\u0131n\u0131z. \u0130nternet pazarlama ve e-ticaret dan\u0131\u015fmanl\u0131k hizmetleri \u0130nternet pazarlamas\u0131n\u0131, \u00e7evrimi\u00e7i, dijital veya e-pazarlamay\u0131 ararsan\u0131z, \u00fc\u00e7 soruyu yan\u0131tlaman\u0131z gerekir. Bu \u00fc\u00e7 soru pazarlama ve e-ticaret ile ilgilidir: Potansiyel m\u00fc\u015fterileri \u00e7evrimi\u00e7i \u00e7ekmek, tan\u0131tmak ve bulmak i\u00e7in do\u011fru \u015feyleri mi yap\u0131yoruz? Bunlar\u0131 do\u011fru mu yap\u0131yoruz? Bu \u00e7al\u0131\u015fman\u0131n ger\u00e7ekten i\u015fe yarad\u0131\u011f\u0131n\u0131 nas\u0131l bilebiliriz? Ekibimiz onlarca \u015firketle \u00e7al\u0131\u015ft\u0131 ve bu sorular\u0131 cevaplamak i\u00e7in y\u00f6ntemler kulland\u0131. Yapt\u0131klar\u0131m\u0131z bir ad\u0131m \u00f6nde bir\u00e7ok giri\u015fimde bulundu. B\u00fct\u00fcn bunlar kar odakl\u0131 sonu\u00e7lar g\u00f6z \u00f6n\u00fcnde bulundurularak yap\u0131ld\u0131. Bizim i\u015fimiz ne E-ticaret ve internet pazarlama stratejisi alan\u0131nda dan\u0131\u015fmanl\u0131k Ekibiniz potansiyel m\u00fc\u015fterileri \u00e7evrimi\u00e7i \u00e7ekmek, tan\u0131tmak ve bulmak i\u00e7in do\u011fru \u015feyleri yap\u0131yor mu? S\u00fcrekli geli\u015fen ve rekabet\u00e7i bir pazarda hedeflerinize ula\u015fmak i\u00e7in tam olarak neye ihtiyac\u0131n\u0131z oldu\u011funu biliyor musunuz? G\u00fcn\u00fcm\u00fcz\u00fcn i\u015f d\u00fcnyas\u0131nda, \u015firketler ama\u00e7lar\u0131n\u0131 tam olarak tan\u0131mlamal\u0131, sa\u011flam stratejiler geli\u015ftirmeli ve ama\u00e7lar\u0131na ula\u015fmak i\u00e7in uygun yakla\u015f\u0131mlar\u0131 g\u00f6stermelidir. Ekibimiz size yard\u0131mc\u0131 olmak ve s\u00fcrekli geli\u015fen bir pazarda hayatta kalman\u0131za yard\u0131mc\u0131 olacak yakla\u015f\u0131mlar geli\u015ftirmek i\u00e7in stratejik tavsiyeler sunar. \u0130nternet, Dijital ve Mobil Pazarlama Stratejisi: M\u00fc\u015fterileriniz her g\u00fcn \u0130nternet kullan\u0131yor ve sorular\u0131na cevap bulmak i\u00e7in \u0130nterneti ara\u015ft\u0131r\u0131yor. Bu durumda, sizi bulurlar, ancak davran\u0131\u015f s\u00fcrekli de\u011fi\u015fiyor. Masa\u00fcst\u00fc ve diz\u00fcst\u00fc bilgisayarlar\u0131, tablet bilgisayarlar\u0131 ve ak\u0131ll\u0131 telefonlar\u0131 kullan\u0131rlar. Bu elektronik cihazlar\u0131 ke\u015ffetmek, taramak, al\u0131\u015fveri\u015f yapmak ve sat\u0131n almak istedi\u011finiz herhangi bir etkinlikte kullanabilirsiniz. Topluluktan s\u0131yr\u0131lmaya ve \u00e7evrimi\u00e7i pazar\u0131n \u00f6n saflar\u0131nda yer almaya haz\u0131r m\u0131s\u0131n\u0131z? Farkl\u0131 kanallar, cihazlar ve i\u00e7erikle ilgili m\u00fc\u015fteri sorular\u0131na cevap vermeye haz\u0131rland\u0131n\u0131z m\u0131? De\u011fi\u015fen m\u00fc\u015fteri ihtiya\u00e7lar\u0131na adapte olabilir misiniz? Size bu konuda yard\u0131mc\u0131 olabiliriz. Kan\u0131tlanm\u0131\u015f y\u00f6ntemlerimizle, zorluklardan ba\u011f\u0131ms\u0131z olarak ne oldu\u011funuzu, nerede olman\u0131z gerekti\u011fini ve buraya hangi y\u00f6ntemleri getirece\u011finizi tan\u0131mlayabiliriz. Bize ula\u015f\u0131n ve nas\u0131l yard\u0131m edebilece\u011fimiz ve stratejiler geli\u015ftirebilece\u011fimiz hakk\u0131nda bir fikir edinin. E-ticaret stratejisi: Genel olarak, m\u00fc\u015fterinin yolculu\u011fu sonu\u00e7ta bir sat\u0131n alma karar\u0131 verir. Daha da \u00f6nemlisi, m\u00fc\u015fteriler sat\u0131n alma yoluna ula\u015fmal\u0131d\u0131r. Giri\u015fiminiz, i\u015fletmeden i\u015fletmeye veya m\u00fc\u015fteriden i\u015fletmeye olabilir. Sonu\u00e7 olarak, m\u00fc\u015fterinin sat\u0131n alma yolculu\u011funuzun sonunda sizi se\u00e7mesini istersiniz. M\u00fc\u015fteriniz, web sitenizle veya size ba\u011fl\u0131 olan \u00fc\u00e7\u00fcnc\u00fc taraf sat\u0131\u015f kanallar\u0131yla etkile\u015fime giriyor olmal\u0131 ve i\u015f hedefine ula\u015fm\u0131\u015f olmal\u0131s\u0131n\u0131z. M\u00fc\u015fteriler ne istediklerini, ne zaman ve nas\u0131l istediklerini buluyor mu? \u00c7evrimi\u00e7i sat\u0131\u015flar\u0131n\u0131z m\u00fc\u015fteri de\u011feri ve karl\u0131 sat\u0131\u015flar sunuyor mu? Hepsinden \u00f6nemlisi, g\u00fc\u00e7l\u00fc m\u00fc\u015fteri ili\u015fkileri kurabilir ve gelecekteki sat\u0131n al\u0131mlara \u00f6ncelik verebilir misiniz? Size daha iyi sat\u0131\u015flar, geli\u015fmi\u015f m\u00fc\u015fteri deneyimi ve artan i\u015f kar\u0131 konusunda nas\u0131l yard\u0131mc\u0131 olabilece\u011fimizi \u00f6\u011frenmek i\u00e7in bize ula\u015f\u0131n. \u0130\u00e7erik Stratejisi: M\u00fc\u015fterileriniz saatler, g\u00fcnler veya haftalar almadan \u00f6nce farkl\u0131 web sitelerini ziyaret eder. Neden bu? \u00c7\u00fcnk\u00fc \u00fcr\u00fcn\u00fcn\u00fcz hakk\u0131nda farkl\u0131 sorular\u0131 ve endi\u015feleri var. Sorular\u0131 ortadan kald\u0131ral\u0131m ve size t\u00fcm dan\u0131\u015fmanl\u0131k s\u00fcre\u00e7lerinde yard\u0131mc\u0131 olmak i\u00e7in profesyonel ekibimizle tan\u0131\u015f\u0131n. Ve sorunsuz i\u015f yapmaya ba\u015flay\u0131n.<\/p>","protected":false},"excerpt":{"rendered":"","protected":false},"author":1,"featured_media":0,"parent":0,"menu_order":0,"comment_status":"closed","ping_status":"closed","template":"page-templates\/pagebuilder.php","meta":{"footnotes":""},"class_list":["post-1174","page","type-page","status-publish","hentry"],"amp_enabled":false,"_links":{"self":[{"href":"https:\/\/www.ervsoft.com\/en\/wp-json\/wp\/v2\/pages\/1174","targetHints":{"allow":["GET"]}}],"collection":[{"href":"https:\/\/www.ervsoft.com\/en\/wp-json\/wp\/v2\/pages"}],"about":[{"href":"https:\/\/www.ervsoft.com\/en\/wp-json\/wp\/v2\/types\/page"}],"author":[{"embeddable":true,"href":"https:\/\/www.ervsoft.com\/en\/wp-json\/wp\/v2\/users\/1"}],"replies":[{"embeddable":true,"href":"https:\/\/www.ervsoft.com\/en\/wp-json\/wp\/v2\/comments?post=1174"}],"version-history":[{"count":2,"href":"https:\/\/www.ervsoft.com\/en\/wp-json\/wp\/v2\/pages\/1174\/revisions"}],"predecessor-version":[{"id":10828,"href":"https:\/\/www.ervsoft.com\/en\/wp-json\/wp\/v2\/pages\/1174\/revisions\/10828"}],"wp:attachment":[{"href":"https:\/\/www.ervsoft.com\/en\/wp-json\/wp\/v2\/media?parent=1174"}],"curies":[{"name":"wp","href":"https:\/\/api.w.org\/{rel}","templated":true}]}}