{"id":889,"date":"2019-07-24T07:05:52","date_gmt":"2019-07-24T07:05:52","guid":{"rendered":"https:\/\/livewp.site\/wp\/md\/ewebot\/smm-services\/"},"modified":"2022-06-24T11:04:33","modified_gmt":"2022-06-24T08:04:33","slug":"mobil-uygulama-cozumleri","status":"publish","type":"page","link":"https:\/\/www.ervsoft.com\/en\/mobil-uygulama-cozumleri\/","title":{"rendered":"Mobile Application"},"content":{"rendered":"<div class=\"blockart-section blockart-section-6dbea2a6\"><div class=\"blockart-container\"><div class=\"blockart-section-inner\">\n<div class=\"blockart-column blockart-column-2a8f717d\"><div class=\"blockart-column-inner\">\n<figure class=\"wp-block-image size-large\"><img loading=\"lazy\" decoding=\"async\" width=\"1024\" height=\"683\" src=\"https:\/\/www.ervsoft.com\/wp-content\/uploads\/2022\/06\/4428861-1024x683.jpg\" alt=\"mobile app development\" class=\"wp-image-10527\" title=\"\" srcset=\"https:\/\/www.ervsoft.com\/wp-content\/uploads\/2022\/06\/4428861-1024x683.jpg 1024w, https:\/\/www.ervsoft.com\/wp-content\/uploads\/2022\/06\/4428861-300x200.jpg 300w, https:\/\/www.ervsoft.com\/wp-content\/uploads\/2022\/06\/4428861-768x512.jpg 768w, https:\/\/www.ervsoft.com\/wp-content\/uploads\/2022\/06\/4428861-1536x1024.jpg 1536w, https:\/\/www.ervsoft.com\/wp-content\/uploads\/2022\/06\/4428861-2048x1365.jpg 2048w\" sizes=\"auto, (max-width: 1024px) 100vw, 1024px\" \/><figcaption>mobil uygulama geli\u015ftirme mobile app development<\/figcaption><\/figure>\n<\/div><\/div>\n\n\n\n<div class=\"blockart-column blockart-column-89717047\"><div class=\"blockart-column-inner\">\n<h4 class=\"blockart-heading blockart-heading-668e1069\">Mobil Uygulama \u00c7\u00f6z\u00fcmleri<\/h4>\n\n\n\n<h2 class=\"blockart-heading blockart-heading-09c91258\"><\/h2>\n\n\n\n<p>Modern g\u00fcn\u00fcm\u00fcz d\u00fcnyas\u0131na uygun kullan\u0131c\u0131 deneyiminin \u00f6n planda oldu\u011fu , t\u00fcm kullan\u0131c\u0131 tiplerine uygun olarak haz\u0131rlanan mobil uygulamalar geli\u015ftirmekteyiz. <\/p>\n\n\n\n<p>Altyap\u0131 olarak karma hybrit native ad\u0131 verilen <br>Dart Flutter a\u011f\u0131rl\u0131kl\u0131 olmak \u00fczere <br>React Native <br>Pwa , Cordova gibi geli\u015fmi\u015f teknolojilerden yararlanmaktay\u0131z.<\/p>\n<\/div><\/div>\n<\/div><\/div><\/div>\n\n\n\n<p class=\"has-small-font-size\">Ak\u0131ll\u0131 telefonlar\u0131n hayat\u0131m\u0131za h\u0131zla girmesiyle birlikte, mobil uygulama pazar\u0131 her g\u00fcn h\u0131zla geli\u015fiyor. Mobil cihaz kullan\u0131m\u0131n\u0131n artmas\u0131, i\u015fletmeleri mobil kullan\u0131c\u0131lar\u0131 ve mobil web uygulamalar\u0131n\u0131 mobil kullan\u0131c\u0131lar i\u00e7in kullan\u0131m\u0131 kolay aray\u00fczlerle pazara sunmaya zorlamaktad\u0131r. Bug\u00fcn web tabanl\u0131 uygulaman\u0131n bir\u00e7ok penceresi veya mobil s\u00fcr\u00fcm\u00fc var.<\/p>\n\n\n\n<p class=\"has-small-font-size\">Ervsoft olarak&nbsp; Navigasyon, konum tabanl\u0131 servisler, sosyal medya uygulamalar\u0131, saha veri toplama, mobil kurumsal uygulamalar, mobil dergi \u00e7\u00f6z\u00fcmleri, mobil e-ticaret uygulamalar\u0131, mobil \u00f6deme sistemleri vb. Yaz\u0131l\u0131m ve \u00e7\u00f6z\u00fcmleri geli\u015ftiriyoruz.<br>\u0130\u015fletmelerin mobil ya\u015fam ad\u0131mlar\u0131n\u0131 kolayca uygulayabilmelerini sa\u011flayan bir strateji olan Ervsoft Yaz\u0131l\u0131m, end\u00fcstrinin m\u00fc\u015fterilerinin ba\u015far\u0131s\u0131 konusundaki tecr\u00fcbelerini art\u0131r\u0131yor. Mobil uygulama pazar\u0131nda<\/p>\n\n\n\n<p class=\"has-small-font-size\">ki engin deneyimiyle Ervsoft Yaz\u0131l\u0131m, m\u00fc\u015fterilerine mevcut uygulamalarla en iyi kullan\u0131c\u0131 deneyimini garanti eder. Ervsoft Yaz\u0131l\u0131m, piyasada bulunan t\u00fcm mobil i\u015fletim sistemleriyle uyumlu \u00e7\u00f6z\u00fcmler geli\u015ftiriyor.<\/p>\n\n\n\n<p class=\"has-small-font-size\">Ervsoft Yaz\u0131l\u0131m, fikir \u00fcretiminden hedef pazara kadar, en iyi uygulamalar\u0131 ve en yeni end\u00fcstri trendlerini kullanarak, mobil projeler tasarlama, tasarlama, geli\u015ftirme ve uygulama a\u015famalar\u0131n\u0131 sunmaktad\u0131r. M\u00fc\u015fterilerinin her zaman pazar\u0131n bir ad\u0131m \u00f6n\u00fcnde olmas\u0131n\u0131 sa\u011flamak i\u00e7in \u00e7\u00f6z\u00fcmler geli\u015ftiren Ervsoft Yaz\u0131l\u0131m, i\u015fletmelere sunduklar\u0131 \u00f6zel uygulamalarda \u00f6ne \u00e7\u0131k\u0131yor.<\/p>\n\n\n\n<p class=\"has-small-font-size\">m\u00fc\u015fteriler; Ortaya \u00e7\u0131kan zorluklara en pratik \u00e7\u00f6z\u00fcmler sunan en uygun platformlar\u0131 veya platformlar\u0131 se\u00e7mek, en iyi g\u00f6r\u00fcn\u00fcm ve tutarl\u0131l\u0131\u011f\u0131 olu\u015fturmak i\u00e7in marka kimli\u011fini destekler.<\/p>","protected":false},"excerpt":{"rendered":"<p>Ak\u0131ll\u0131 telefonlar\u0131n hayat\u0131m\u0131za h\u0131zla girmesiyle birlikte, mobil uygulama pazar\u0131 her g\u00fcn h\u0131zla geli\u015fiyor. Mobil cihaz kullan\u0131m\u0131n\u0131n artmas\u0131, i\u015fletmeleri mobil kullan\u0131c\u0131lar\u0131 ve mobil web uygulamalar\u0131n\u0131 mobil kullan\u0131c\u0131lar i\u00e7in kullan\u0131m\u0131 kolay aray\u00fczlerle pazara sunmaya zorlamaktad\u0131r. Bug\u00fcn web tabanl\u0131 uygulaman\u0131n bir\u00e7ok penceresi veya mobil s\u00fcr\u00fcm\u00fc var. Ervsoft olarak&nbsp; Navigasyon, konum tabanl\u0131 servisler, sosyal medya uygulamalar\u0131, saha veri toplama, [&hellip;]<\/p>","protected":false},"author":1,"featured_media":0,"parent":0,"menu_order":0,"comment_status":"closed","ping_status":"closed","template":"page-templates\/pagebuilder.php","meta":{"footnotes":""},"class_list":["post-889","page","type-page","status-publish","hentry"],"amp_enabled":false,"_links":{"self":[{"href":"https:\/\/www.ervsoft.com\/en\/wp-json\/wp\/v2\/pages\/889","targetHints":{"allow":["GET"]}}],"collection":[{"href":"https:\/\/www.ervsoft.com\/en\/wp-json\/wp\/v2\/pages"}],"about":[{"href":"https:\/\/www.ervsoft.com\/en\/wp-json\/wp\/v2\/types\/page"}],"author":[{"embeddable":true,"href":"https:\/\/www.ervsoft.com\/en\/wp-json\/wp\/v2\/users\/1"}],"replies":[{"embeddable":true,"href":"https:\/\/www.ervsoft.com\/en\/wp-json\/wp\/v2\/comments?post=889"}],"version-history":[{"count":0,"href":"https:\/\/www.ervsoft.com\/en\/wp-json\/wp\/v2\/pages\/889\/revisions"}],"wp:attachment":[{"href":"https:\/\/www.ervsoft.com\/en\/wp-json\/wp\/v2\/media?parent=889"}],"curies":[{"name":"wp","href":"https:\/\/api.w.org\/{rel}","templated":true}]}}